{"id":20,"date":"2017-04-27T10:40:12","date_gmt":"2017-04-27T08:40:12","guid":{"rendered":"http:\/\/santiagorubio.es\/?page_id=20"},"modified":"2017-05-18T13:37:19","modified_gmt":"2017-05-18T11:37:19","slug":"una-seccion-de-la-pagina-de-inicio","status":"publish","type":"page","link":"http:\/\/santiagorubio.es\/?page_id=20","title":{"rendered":"Arte"},"content":{"rendered":"<p><a href=\"http:\/\/santiagorubio.es\/?page_id=81\">Fotograf\u00eda<\/a><\/p>\n<div data-carousel-extra='{\"blog_id\":1,\"permalink\":\"http:\\\/\\\/santiagorubio.es\\\/?page_id=20\"}' id='gallery-1' class='gallery galleryid-20 gallery-columns-3 gallery-size-thumbnail'><figure class='gallery-item'>\n\t\t\t<div class='gallery-icon landscape'>\n\t\t\t\t<a href='http:\/\/santiagorubio.es\/?attachment_id=95'><img decoding=\"async\" width=\"150\" height=\"150\" src=\"https:\/\/i1.wp.com\/santiagorubio.es\/wp-content\/uploads\/2017\/05\/IMG_5634.jpg?resize=150%2C150\" class=\"attachment-thumbnail size-thumbnail\" alt=\"\" srcset=\"https:\/\/i1.wp.com\/santiagorubio.es\/wp-content\/uploads\/2017\/05\/IMG_5634.jpg?resize=150%2C150 150w, https:\/\/i1.wp.com\/santiagorubio.es\/wp-content\/uploads\/2017\/05\/IMG_5634.jpg?resize=100%2C100 100w, https:\/\/i1.wp.com\/santiagorubio.es\/wp-content\/uploads\/2017\/05\/IMG_5634.jpg?zoom=2&amp;resize=150%2C150 300w, https:\/\/i1.wp.com\/santiagorubio.es\/wp-content\/uploads\/2017\/05\/IMG_5634.jpg?zoom=3&amp;resize=150%2C150 450w\" sizes=\"100vw\" data-attachment-id=\"95\" data-permalink=\"http:\/\/santiagorubio.es\/?attachment_id=95\" data-orig-file=\"https:\/\/i1.wp.com\/santiagorubio.es\/wp-content\/uploads\/2017\/05\/IMG_5634.jpg?fit=5472%2C3648\" data-orig-size=\"5472,3648\" data-comments-opened=\"1\" data-image-meta=\"{&quot;aperture&quot;:&quot;20&quot;,&quot;credit&quot;:&quot;&quot;,&quot;camera&quot;:&quot;Canon EOS 70D&quot;,&quot;caption&quot;:&quot;&quot;,&quot;created_timestamp&quot;:&quot;1471374219&quot;,&quot;copyright&quot;:&quot;&quot;,&quot;focal_length&quot;:&quot;32&quot;,&quot;iso&quot;:&quot;200&quot;,&quot;shutter_speed&quot;:&quot;0.001&quot;,&quot;title&quot;:&quot;&quot;,&quot;orientation&quot;:&quot;1&quot;}\" data-image-title=\"madrid01\" data-image-description=\"\" data-medium-file=\"https:\/\/i1.wp.com\/santiagorubio.es\/wp-content\/uploads\/2017\/05\/IMG_5634.jpg?fit=300%2C200\" data-large-file=\"https:\/\/i1.wp.com\/santiagorubio.es\/wp-content\/uploads\/2017\/05\/IMG_5634.jpg?fit=525%2C350\" \/><\/a>\n\t\t\t<\/div><\/figure><figure class='gallery-item'>\n\t\t\t<div class='gallery-icon portrait'>\n\t\t\t\t<a href='http:\/\/santiagorubio.es\/?attachment_id=101'><img decoding=\"async\" width=\"150\" height=\"150\" src=\"https:\/\/i1.wp.com\/santiagorubio.es\/wp-content\/uploads\/2017\/05\/418764_2979878129329_1033188096_3048365_745622737_n.jpg?resize=150%2C150\" class=\"attachment-thumbnail size-thumbnail\" alt=\"\" srcset=\"https:\/\/i1.wp.com\/santiagorubio.es\/wp-content\/uploads\/2017\/05\/418764_2979878129329_1033188096_3048365_745622737_n.jpg?resize=150%2C150 150w, https:\/\/i1.wp.com\/santiagorubio.es\/wp-content\/uploads\/2017\/05\/418764_2979878129329_1033188096_3048365_745622737_n.jpg?resize=100%2C100 100w, https:\/\/i1.wp.com\/santiagorubio.es\/wp-content\/uploads\/2017\/05\/418764_2979878129329_1033188096_3048365_745622737_n.jpg?zoom=2&amp;resize=150%2C150 300w, https:\/\/i1.wp.com\/santiagorubio.es\/wp-content\/uploads\/2017\/05\/418764_2979878129329_1033188096_3048365_745622737_n.jpg?zoom=3&amp;resize=150%2C150 450w\" sizes=\"100vw\" data-attachment-id=\"101\" data-permalink=\"http:\/\/santiagorubio.es\/?attachment_id=101\" data-orig-file=\"https:\/\/i1.wp.com\/santiagorubio.es\/wp-content\/uploads\/2017\/05\/418764_2979878129329_1033188096_3048365_745622737_n.jpg?fit=720%2C960\" data-orig-size=\"720,960\" data-comments-opened=\"1\" data-image-meta=\"{&quot;aperture&quot;:&quot;0&quot;,&quot;credit&quot;:&quot;&quot;,&quot;camera&quot;:&quot;&quot;,&quot;caption&quot;:&quot;&quot;,&quot;created_timestamp&quot;:&quot;0&quot;,&quot;copyright&quot;:&quot;&quot;,&quot;focal_length&quot;:&quot;0&quot;,&quot;iso&quot;:&quot;0&quot;,&quot;shutter_speed&quot;:&quot;0&quot;,&quot;title&quot;:&quot;&quot;,&quot;orientation&quot;:&quot;0&quot;}\" data-image-title=\"hondarribia01\" data-image-description=\"\" data-medium-file=\"https:\/\/i1.wp.com\/santiagorubio.es\/wp-content\/uploads\/2017\/05\/418764_2979878129329_1033188096_3048365_745622737_n.jpg?fit=225%2C300\" data-large-file=\"https:\/\/i1.wp.com\/santiagorubio.es\/wp-content\/uploads\/2017\/05\/418764_2979878129329_1033188096_3048365_745622737_n.jpg?fit=525%2C700\" \/><\/a>\n\t\t\t<\/div><\/figure><figure class='gallery-item'>\n\t\t\t<div class='gallery-icon landscape'>\n\t\t\t\t<a href='http:\/\/santiagorubio.es\/?attachment_id=99'><img decoding=\"async\" width=\"150\" height=\"150\" src=\"https:\/\/i0.wp.com\/santiagorubio.es\/wp-content\/uploads\/2017\/05\/retoques-1-19.jpg?resize=150%2C150\" class=\"attachment-thumbnail size-thumbnail\" alt=\"\" srcset=\"https:\/\/i0.wp.com\/santiagorubio.es\/wp-content\/uploads\/2017\/05\/retoques-1-19.jpg?resize=150%2C150 150w, https:\/\/i0.wp.com\/santiagorubio.es\/wp-content\/uploads\/2017\/05\/retoques-1-19.jpg?resize=100%2C100 100w, https:\/\/i0.wp.com\/santiagorubio.es\/wp-content\/uploads\/2017\/05\/retoques-1-19.jpg?zoom=2&amp;resize=150%2C150 300w, https:\/\/i0.wp.com\/santiagorubio.es\/wp-content\/uploads\/2017\/05\/retoques-1-19.jpg?zoom=3&amp;resize=150%2C150 450w\" sizes=\"100vw\" data-attachment-id=\"99\" data-permalink=\"http:\/\/santiagorubio.es\/?attachment_id=99\" data-orig-file=\"https:\/\/i0.wp.com\/santiagorubio.es\/wp-content\/uploads\/2017\/05\/retoques-1-19.jpg?fit=5472%2C3648\" data-orig-size=\"5472,3648\" data-comments-opened=\"1\" data-image-meta=\"{&quot;aperture&quot;:&quot;6.3&quot;,&quot;credit&quot;:&quot;&quot;,&quot;camera&quot;:&quot;Canon EOS 70D&quot;,&quot;caption&quot;:&quot;&quot;,&quot;created_timestamp&quot;:&quot;1481005653&quot;,&quot;copyright&quot;:&quot;&quot;,&quot;focal_length&quot;:&quot;171&quot;,&quot;iso&quot;:&quot;320&quot;,&quot;shutter_speed&quot;:&quot;0.001&quot;,&quot;title&quot;:&quot;&quot;,&quot;orientation&quot;:&quot;0&quot;}\" data-image-title=\"camboya02\" data-image-description=\"\" data-medium-file=\"https:\/\/i0.wp.com\/santiagorubio.es\/wp-content\/uploads\/2017\/05\/retoques-1-19.jpg?fit=300%2C200\" data-large-file=\"https:\/\/i0.wp.com\/santiagorubio.es\/wp-content\/uploads\/2017\/05\/retoques-1-19.jpg?fit=525%2C350\" \/><\/a>\n\t\t\t<\/div><\/figure>\n\t\t<\/div>\n\n<p><a href=\"http:\/\/santiagorubio.es\/?page_id=83\">Pintura<\/a><\/p>\n<div data-carousel-extra='{\"blog_id\":1,\"permalink\":\"http:\\\/\\\/santiagorubio.es\\\/?page_id=20\"}' id='gallery-2' class='gallery galleryid-20 gallery-columns-3 gallery-size-medium'><figure class='gallery-item'>\n\t\t\t<div class='gallery-icon landscape'>\n\t\t\t\t<a href='http:\/\/santiagorubio.es\/?attachment_id=80'><img loading=\"lazy\" decoding=\"async\" width=\"300\" height=\"227\" src=\"https:\/\/i1.wp.com\/santiagorubio.es\/wp-content\/uploads\/2017\/04\/11755109_1017662521578427_533427993918952605_n.jpg?fit=300%2C227\" class=\"attachment-medium size-medium\" alt=\"\" aria-describedby=\"gallery-2-80\" srcset=\"https:\/\/i1.wp.com\/santiagorubio.es\/wp-content\/uploads\/2017\/04\/11755109_1017662521578427_533427993918952605_n.jpg?w=604 604w, https:\/\/i1.wp.com\/santiagorubio.es\/wp-content\/uploads\/2017\/04\/11755109_1017662521578427_533427993918952605_n.jpg?resize=300%2C227 300w\" sizes=\"100vw\" data-attachment-id=\"80\" data-permalink=\"http:\/\/santiagorubio.es\/?attachment_id=80\" data-orig-file=\"https:\/\/i1.wp.com\/santiagorubio.es\/wp-content\/uploads\/2017\/04\/11755109_1017662521578427_533427993918952605_n.jpg?fit=604%2C458\" data-orig-size=\"604,458\" data-comments-opened=\"1\" data-image-meta=\"{&quot;aperture&quot;:&quot;0&quot;,&quot;credit&quot;:&quot;&quot;,&quot;camera&quot;:&quot;&quot;,&quot;caption&quot;:&quot;&quot;,&quot;created_timestamp&quot;:&quot;0&quot;,&quot;copyright&quot;:&quot;&quot;,&quot;focal_length&quot;:&quot;0&quot;,&quot;iso&quot;:&quot;0&quot;,&quot;shutter_speed&quot;:&quot;0&quot;,&quot;title&quot;:&quot;&quot;,&quot;orientation&quot;:&quot;0&quot;}\" data-image-title=\"Nieve en Madrid\" data-image-description=\"\" data-medium-file=\"https:\/\/i1.wp.com\/santiagorubio.es\/wp-content\/uploads\/2017\/04\/11755109_1017662521578427_533427993918952605_n.jpg?fit=300%2C227\" data-large-file=\"https:\/\/i1.wp.com\/santiagorubio.es\/wp-content\/uploads\/2017\/04\/11755109_1017662521578427_533427993918952605_n.jpg?fit=525%2C398\" \/><\/a>\n\t\t\t<\/div>\n\t\t\t\t<figcaption class='wp-caption-text gallery-caption' id='gallery-2-80'>\n\t\t\t\tNieve en Madrid\n\t\t\t\t<\/figcaption><\/figure><figure class='gallery-item'>\n\t\t\t<div class='gallery-icon landscape'>\n\t\t\t\t<a href='http:\/\/santiagorubio.es\/?attachment_id=79'><img loading=\"lazy\" decoding=\"async\" width=\"300\" height=\"103\" src=\"https:\/\/i1.wp.com\/santiagorubio.es\/wp-content\/uploads\/2017\/04\/11701053_1017662518245094_408920512055881023_n.jpg?fit=300%2C103\" class=\"attachment-medium size-medium\" alt=\"\" aria-describedby=\"gallery-2-79\" srcset=\"https:\/\/i1.wp.com\/santiagorubio.es\/wp-content\/uploads\/2017\/04\/11701053_1017662518245094_408920512055881023_n.jpg?w=720 720w, https:\/\/i1.wp.com\/santiagorubio.es\/wp-content\/uploads\/2017\/04\/11701053_1017662518245094_408920512055881023_n.jpg?resize=300%2C103 300w\" sizes=\"100vw\" data-attachment-id=\"79\" data-permalink=\"http:\/\/santiagorubio.es\/?attachment_id=79\" data-orig-file=\"https:\/\/i1.wp.com\/santiagorubio.es\/wp-content\/uploads\/2017\/04\/11701053_1017662518245094_408920512055881023_n.jpg?fit=720%2C247\" data-orig-size=\"720,247\" data-comments-opened=\"1\" data-image-meta=\"{&quot;aperture&quot;:&quot;0&quot;,&quot;credit&quot;:&quot;&quot;,&quot;camera&quot;:&quot;&quot;,&quot;caption&quot;:&quot;&quot;,&quot;created_timestamp&quot;:&quot;0&quot;,&quot;copyright&quot;:&quot;&quot;,&quot;focal_length&quot;:&quot;0&quot;,&quot;iso&quot;:&quot;0&quot;,&quot;shutter_speed&quot;:&quot;0&quot;,&quot;title&quot;:&quot;&quot;,&quot;orientation&quot;:&quot;0&quot;}\" data-image-title=\"En aeropuertos\" data-image-description=\"\" data-medium-file=\"https:\/\/i1.wp.com\/santiagorubio.es\/wp-content\/uploads\/2017\/04\/11701053_1017662518245094_408920512055881023_n.jpg?fit=300%2C103\" data-large-file=\"https:\/\/i1.wp.com\/santiagorubio.es\/wp-content\/uploads\/2017\/04\/11701053_1017662518245094_408920512055881023_n.jpg?fit=525%2C180\" \/><\/a>\n\t\t\t<\/div>\n\t\t\t\t<figcaption class='wp-caption-text gallery-caption' id='gallery-2-79'>\n\t\t\t\tEn aeropuertos\n\t\t\t\t<\/figcaption><\/figure>\n\t\t<\/div>\n\n<p><a href=\"http:\/\/santiagorubio.es\/?page_id=85\">Edici\u00f3n de V\u00eddeos<\/a><\/p>\n<p><span class=\"embed-youtube\" style=\"text-align:center; display: block;\"><iframe class='youtube-player' type='text\/html' width='525' height='326' src='http:\/\/www.youtube.com\/embed\/voDMmKFslm0?version=3&#038;rel=1&#038;fs=1&#038;autohide=2&#038;showsearch=0&#038;showinfo=1&#038;iv_load_policy=1&#038;wmode=transparent' allowfullscreen='true' style='border:0;'><\/iframe><\/span><\/p>\n<p>&nbsp;<\/p>\n","protected":false},"excerpt":{"rendered":"<p>Fotograf\u00eda Pintura Edici\u00f3n de V\u00eddeos &nbsp;<\/p>\n","protected":false},"author":1,"featured_media":0,"parent":0,"menu_order":0,"comment_status":"closed","ping_status":"closed","template":"","meta":{"footnotes":""},"class_list":["post-20","page","type-page","status-publish","hentry"],"_links":{"self":[{"href":"http:\/\/santiagorubio.es\/index.php?rest_route=\/wp\/v2\/pages\/20","targetHints":{"allow":["GET"]}}],"collection":[{"href":"http:\/\/santiagorubio.es\/index.php?rest_route=\/wp\/v2\/pages"}],"about":[{"href":"http:\/\/santiagorubio.es\/index.php?rest_route=\/wp\/v2\/types\/page"}],"author":[{"embeddable":true,"href":"http:\/\/santiagorubio.es\/index.php?rest_route=\/wp\/v2\/users\/1"}],"replies":[{"embeddable":true,"href":"http:\/\/santiagorubio.es\/index.php?rest_route=%2Fwp%2Fv2%2Fcomments&post=20"}],"version-history":[{"count":6,"href":"http:\/\/santiagorubio.es\/index.php?rest_route=\/wp\/v2\/pages\/20\/revisions"}],"predecessor-version":[{"id":251,"href":"http:\/\/santiagorubio.es\/index.php?rest_route=\/wp\/v2\/pages\/20\/revisions\/251"}],"wp:attachment":[{"href":"http:\/\/santiagorubio.es\/index.php?rest_route=%2Fwp%2Fv2%2Fmedia&parent=20"}],"curies":[{"name":"wp","href":"https:\/\/api.w.org\/{rel}","templated":true}]}}