{"id":216,"date":"2017-05-17T20:17:31","date_gmt":"2017-05-17T18:17:31","guid":{"rendered":"http:\/\/santiagorubio.es\/?page_id=216"},"modified":"2017-05-17T20:17:31","modified_gmt":"2017-05-17T18:17:31","slug":"eventos","status":"publish","type":"page","link":"http:\/\/santiagorubio.es\/?page_id=216","title":{"rendered":"Eventos"},"content":{"rendered":"<div id=\"em-wrapper\"><p><div class=\"em-search-wrapper\">\r\n<div class=\"em-events-search em-search css-search has-search-term has-search-geo has-search-main has-advanced advanced-hidden\">\r\n\t<form action=\"http:\/\/santiagorubio.es\/?page_id=216\" method=\"post\" class=\"em-events-search-form em-search-form\">\r\n\t\t<input type=\"hidden\" name=\"action\" value=\"search_events\" \/>\r\n\t\t\t\t<div class=\"em-search-main\">\r\n\t\t\t\t\t\t<!-- START General Search -->\r\n<div class=\"em-search-text em-search-field\">\r\n\t<script type=\"text\/javascript\">\r\n\tEM.search_term_placeholder = 'Buscar';\r\n\t<\/script>\r\n\t<label>\r\n\t\t<span class=\"screen-reader-text\">Buscar<\/span>\r\n\t\t<input type=\"text\" name=\"em_search\" class=\"em-events-search-text em-search-text\" value=\"\" \/>\r\n\t<\/label>\r\n<\/div>\r\n<!-- END General Search --><!-- START General Search -->\r\n<div class=\"em-search-geo em-search-field\">\r\n\t\t<label>\r\n\t\t<span class=\"screen-reader-text\">cerca...<\/span>\r\n\t\t<input type=\"text\" name=\"geo\" class=\"em-search-geo\" value=\"\"\/>\r\n\t<\/label>\r\n\t<input type=\"hidden\" name=\"near\" class=\"em-search-geo-coords\" value=\"\" \/>\r\n\t<div id=\"em-search-geo-attr\" ><\/div>\r\n\t<script type=\"text\/javascript\">\r\n\tEM.geo_placeholder = 'cerca...';\r\n\tEM.geo_alert_guess = 'Utilizaremos %s para buscar. \\n\\n Si esto es incorrecto, dale a cancelar y prueba una direcci\u00f3n m\u00e1s espec\u00edfica.';\r\n\tfunction em_geo_search_init(){\r\n\tjQuery('input.em-search-geo').each(function(i){\r\n\t\tvar input = \/** @type {HTMLInputElement} *\/ jQuery(this);\r\n\t\tvar wrapper = input.closest('div.em-search-geo'); \r\n\t\tvar autocomplete = new google.maps.places.Autocomplete(input[0]);\r\n\t\tvar geo_coords = wrapper.find(\"input.em-search-geo-coords\");\r\n\r\n\t\tvar geo_field_status = function( status ){\r\n\t\t\twrapper.data('status',status);\r\n\t\t\tvar em_search = wrapper.closest('.em-search');\r\n\t\t\tif( status == 'on' ){\r\n\t\t\t\twrapper.css('background-image', wrapper.css('background-image').replace('search-geo.png', 'search-geo-on.png').replace('search-geo-off.png', 'search-geo-on.png'));\r\n\t\t\t\tem_search.find('select.em-search-country option:first-child').prop('selected','selected').trigger('change');\r\n\t\t\t\tem_search.find('.em-search-location').slideUp();\r\n\t\t\t\tem_search.find('.em-search-geo-units').slideDown();\r\n\t\t\t}else{\r\n\t\t\t\tif( status == 'off' ){\r\n\t\t\t\t\twrapper.css('background-image', wrapper.css('background-image').replace('search-geo.png', 'search-geo-off.png').replace('search-geo-on.png', 'search-geo-off.png'));\r\n\t\t\t\t}else{\r\n\t\t\t\t\twrapper.css('background-image', wrapper.css('background-image').replace('search-geo-off.png', 'search-geo.png').replace('search-geo-on.png', 'search-geo.png'));\r\n\t\t\t\t}\r\n\t\t\t\tgeo_coords.val('');\r\n\t\t\t\tem_search.find('.em-search-location').slideDown();\r\n\t\t\t\tem_search.find('.em-search-geo-units').slideUp();\r\n\t\t\t}\r\n\t\t};\r\n\r\n\t\tvar ac_listener = function( place ) {\r\n\t\t\tvar place = autocomplete.getPlace();\r\n\t\t\tif( !place || !place.geometry ){ \/\/place not found\r\n\t\t\t\tif( input.val() == '' || input.val() == EM.geo_placeholder ){ \r\n\t\t\t\t\tgeo_field_status(false);\r\n\t\t\t\t}else{\r\n\t\t\t\t\tif( wrapper.data('last-search') == input.val() ){ \r\n\t\t\t\t\t\tgeo_field_status('on');\r\n\t\t\t\t\t\tgeo_coords.val( wrapper.data('last-coords') );\r\n\t\t\t\t\t\treturn; \r\n\t\t\t\t\t}\r\n\t              \t\/\/do a nearest match suggestion as last resort\r\n\t\t\t\t\tif( input.val().length >= 2 ){\r\n\t\t\t\t\t\tgeo_field_status(false);\r\n\t\t\t\t\t\tautocompleteService = new google.maps.places.AutocompleteService();\r\n\t\t\t\t        autocompleteService.getPlacePredictions( {'input': input.val(), 'offset': input.val().length }, function listentoresult(list, status) {\r\n\t\t                    if(list != null && list.length != 0) {\r\n\t\t                        placesService = new google.maps.places.PlacesService(document.getElementById('em-search-geo-attr'));\r\n\t\t                        placesService.getDetails( {'reference': list[0].reference}, function detailsresult(detailsResult, placesServiceStatus) {\r\n\t\t                            \/\/we have a match, ask the user\r\n                    \t\t\t\twrapper.data('last-search', detailsResult.formatted_address );\r\n                    \t\t\t\twrapper.data('last-coords', detailsResult.geometry.location.lat() + ',' + detailsResult.geometry.location.lng());\r\n\t                                if( input.val() == detailsResult.formatted_address || confirm(EM.geo_alert_guess.replace('%s', '\"'+detailsResult.formatted_address+'\"')) ){\r\n\t\t                                geo_coords.val( detailsResult.geometry.location.lat() + ',' + detailsResult.geometry.location.lng() );\r\n\t\t        \t\t\t\t\t\tgeo_field_status('on');\r\n\t\t                                input.val(detailsResult.formatted_address);\r\n\t                                }else{\r\n\t                                \tinput.data('last-key',false);\r\n\t                \t\t\t\t\tgeo_field_status('off');\r\n\t                                }\r\n\t\t                        });\r\n\t\t                    }else{ geo_field_status('off'); }\r\n\t\t\t\t\t\t});\r\n\t\t\t\t\t}else{ geo_field_status('off'); }\r\n\t\t\t\t}\r\n\t\t\t\twrapper.data('last-search', input.val() );\r\n\t\t\t\twrapper.data('last-coords', geo_coords.val());\r\n\t\t\t\treturn;\r\n\t\t\t}\r\n\t\t\tgeo_coords.val( place.geometry.location.lat() + ',' + place.geometry.location.lng() );\r\n\t\t\tgeo_field_status('on');\r\n\t\t\twrapper.data('last-search', input.val() );\r\n\t\t\twrapper.data('last-coords', geo_coords.val());\r\n\t\t};\r\n\t\tgoogle.maps.event.addListener(autocomplete, 'place_changed', ac_listener);\r\n\t\t\t\t\r\n\t\tif( geo_coords.val() != '' ){\r\n\t\t\tgeo_field_status('on');\r\n\t\t\twrapper.data('last-search', input.val() );\r\n\t\t\twrapper.data('last-coords', geo_coords.val() );\r\n\t\t}\r\n\t\tinput.keypress( function(e) {\r\n\t\t\t\/\/if enter is pressed once during 'near' input, don't do anything so Google can select location, otherwise let behavior (form submittal) proceed \r\n\t\t\tif( e.which == 13 ) {\r\n\t\t\t\tif( input.data('last-key') != 13 || wrapper.data('status') != 'on' ){\r\n\t\t\t\t\te.preventDefault();\r\n\t\t\t\t}\r\n\t\t\t}else{\r\n\t\t\t\tgeo_field_status(false);\r\n\t\t\t}\r\n\t\t}).keyup( function(e) {\r\n\t\t\tif( this.value == '' ){ geo_field_status(false); }\r\n\t\t\telse if( wrapper.data('last-search') != this.value ){ geo_field_status('off'); }\r\n\t\t\tinput.data('last-key', e.which);\r\n\t\t}).blur( function(e){ \/\/create HTML 5 placeholder effect if not HTML 5\r\n\t\t\tif( this.value == '' && !('placeholder' in document.createElement('input')) ) this.value = EM.geo_placeholder;\r\n\t\t}).focus( function(e){\r\n\t\t\tif( this.value == EM.geo_placeholder ) this.value='';\r\n\t\t\tinput.data('last-key', 13);\r\n\t\t}).attr('placeholder', EM.geo_placeholder);\r\n\t});\r\n}\r\njQuery(document).bind('em_maps_loaded', function(){ em_geo_search_init(); });\t<\/script>\r\n<\/div>\r\n<!-- END General Search -->\t\t\t\t\t\t<button type=\"submit\" class=\"em-search-submit loading\">\r\n\t\t\t\t\t\t\t\t<!--[if IE 7]><span><![endif]-->\r\n\t\t\t\t<img decoding=\"async\" src=\"https:\/\/i1.wp.com\/santiagorubio.es\/wp-content\/plugins\/events-manager\/includes\/images\/search-mag.png?w=600\" alt=\"Buscar\" data-recalc-dims=\"1\" \/>\r\n\t\t\t\t<!--[if IE 7]><\/span><![endif]-->\r\n\t\t\t<\/button>\r\n\t\t\t\t\t<\/div>\r\n\t\t\t\t\t\t<div class=\"em-search-advanced\" style=\"display:none\">\r\n\t\t\t<!-- START Date Search -->\r\n<div class=\"em-search-scope em-search-field\">\r\n\t<span class=\"em-search-scope em-events-search-dates em-date-range\">\r\n\t\t<label>\r\n\t\t\t<span>Fechas<\/span>\r\n\t\t\t<input type=\"text\" class=\"em-date-input-loc em-date-start\" \/>\r\n\t\t\t<input type=\"hidden\" class=\"em-date-input\" name=\"scope[0]\" value=\"\" \/>\r\n\t\t<\/label>\r\n\t\t<label>\r\n\t\t\ty\t\t\t<input type=\"text\" class=\"em-date-input-loc em-date-end\" \/>\r\n\t\t\t<input type=\"hidden\" class=\"em-date-input\" name=\"scope[1]\" value=\"\" \/>\r\n\t\t<\/label>\r\n\t<\/span>\r\n<\/div>\r\n<!-- END Date Search --><!-- START Category Search -->\r\n<div class=\"em-search-category em-search-field\">\r\n\t<label>\r\n\t\t<span>Categor\u00eda<\/span>\r\n\t\t<select  name='category' id='category' class='em-events-search-category'>\n\t<option value='0' selected='selected'>Todas las categor\u00edas<\/option>\n\t<option class=\"level-0\" value=\"16\">Las Cosas Que No Decimos<\/option>\n<\/select>\n\t<\/label>\r\n<\/div>\r\n<!-- END Category Search --><div class=\"em-search-location\" >\r\n\t<!-- START Country Search -->\r\n<div class=\"em-search-country em-search-field\">\r\n\t<label>\r\n\t\t<span>Pa\u00eds<\/span>\r\n\t\t<select name=\"country\" class=\"em-search-country em-events-search-country\">\r\n\t\t\t<option value=''>Todos los pa\u00edses<\/option>\r\n\t\t\t\t\t\t<option value=\"ES\">Espa\u00f1a<\/option>\r\n\t\t\t\t\t<\/select>\r\n\t<\/label>\r\n<\/div>\r\n<!-- END Country Search -->\t<div class=\"em-search-location-meta\" style=\"display:none;\">\r\n\t<!-- START Region Search -->\r\n<div class=\"em-search-region em-search-field\">\r\n\t<label>\r\n\t\t<span>Regi\u00f3n<\/span>\r\n\t\t<select name=\"region\" class=\"em-search-region em-events-search-region\">\r\n\t\t\t<option value=''>Todas las regiones<\/option>\r\n\t\t\t\t\t<\/select>\r\n\t<\/label>\r\n<\/div>\t\r\n<!-- END Region Search --><!-- START State\/County Search -->\r\n<div class=\"em-search-state em-search-field\">\r\n\t<label>\r\n\t\t<span>Estado \/ Condado<\/span>\r\n\t\t<select name=\"state\" class=\"em-search-state em-events-search-state\">\r\n\t\t\t<option value=''>Todos los estados<\/option>\r\n\t\t\t\t\t<\/select>\r\n\t<\/label>\r\n<\/div>\r\n<!-- END State\/County Search -->\t<\/div>\r\n<\/div><!-- START Geo Units Search -->\r\n<div class=\"em-search-geo-units em-search-field\" style=\"display:none;\">\r\n\t<label>\r\n\t\t<span>Dentro<\/span>\r\n\t\t<select name=\"near_distance\" class=\"em-search-geo-distance\">\r\n\t\t    \t\t\t<option value=\"5\" >5<\/option>\r\n\t\t\t\t\t\t<option value=\"10\" >10<\/option>\r\n\t\t\t\t\t\t<option value=\"25\" selected=\"selected\">25<\/option>\r\n\t\t\t\t\t\t<option value=\"50\" >50<\/option>\r\n\t\t\t\t\t\t<option value=\"100\" >100<\/option>\r\n\t\t\t\t\t<\/select>\r\n\t<\/label>\r\n\t<label>\r\n\t\t<span class=\"screen-reader-text\">distance units<\/span>\r\n\t\t<select name=\"near_unit\" class=\"em-search-geo-unit\">\r\n\t\t\t<option value=\"mi\">mi<\/option>\r\n\t\t\t<option value=\"km\" >km<\/option>\r\n\t\t<\/select>\r\n\t<\/label>\r\n<\/div>\r\n<!-- END Geo Units Search -->\t\t\t\t\t\t\t\t<\/div>\r\n\t\t\t\t\t\t<div class=\"em-search-options\">\r\n\t\t\t<a href=\"#\" class=\"em-toggle\" rel=\".em-search-advanced:.em-search-form\">\r\n\t\t\t\t<span class=\"hide-advanced\" style=\"display:none;\">Hide Advanced Search<\/span>\r\n\t\t\t\t<span class=\"show-advanced\">Show Advanced Search<\/span>\r\n\t\t\t<\/a>\r\n\t\t<\/div>\r\n\t\t\t\t\t\t\t<\/form>\r\n<\/div>\r\n<\/div><div class='css-events-list'>No Eventos<\/div><\/p>\n<\/div>","protected":false},"excerpt":{"rendered":"<p>CONTENTS<\/p>\n","protected":false},"author":1,"featured_media":0,"parent":0,"menu_order":0,"comment_status":"closed","ping_status":"open","template":"","meta":{"footnotes":""},"class_list":["post-216","page","type-page","status-publish","hentry"],"_links":{"self":[{"href":"http:\/\/santiagorubio.es\/index.php?rest_route=\/wp\/v2\/pages\/216","targetHints":{"allow":["GET"]}}],"collection":[{"href":"http:\/\/santiagorubio.es\/index.php?rest_route=\/wp\/v2\/pages"}],"about":[{"href":"http:\/\/santiagorubio.es\/index.php?rest_route=\/wp\/v2\/types\/page"}],"author":[{"embeddable":true,"href":"http:\/\/santiagorubio.es\/index.php?rest_route=\/wp\/v2\/users\/1"}],"replies":[{"embeddable":true,"href":"http:\/\/santiagorubio.es\/index.php?rest_route=%2Fwp%2Fv2%2Fcomments&post=216"}],"version-history":[{"count":0,"href":"http:\/\/santiagorubio.es\/index.php?rest_route=\/wp\/v2\/pages\/216\/revisions"}],"wp:attachment":[{"href":"http:\/\/santiagorubio.es\/index.php?rest_route=%2Fwp%2Fv2%2Fmedia&parent=216"}],"curies":[{"name":"wp","href":"https:\/\/api.w.org\/{rel}","templated":true}]}}